{"id":125,"date":"2020-03-27T21:20:26","date_gmt":"2020-03-27T21:20:26","guid":{"rendered":"http:\/\/togetherfix.net\/?page_id=125"},"modified":"2022-06-05T05:57:10","modified_gmt":"2022-06-05T05:57:10","slug":"home","status":"publish","type":"page","link":"https:\/\/www.togetherfix.com\/en\/home\/","title":{"rendered":"Marketing"},"content":{"rendered":"<div data-elementor-type=\"wp-page\" data-elementor-id=\"125\" class=\"elementor elementor-125\">\n\t\t\t\t\t\t<section class=\"elementor-section elementor-top-section elementor-element elementor-element-52e55620 elementor-section-height-min-height elementor-section-boxed elementor-section-height-default elementor-section-items-middle elementor-invisible\" data-id=\"52e55620\" data-element_type=\"section\" data-settings=\"{&quot;background_background&quot;:&quot;classic&quot;,&quot;motion_fx_motion_fx_scrolling&quot;:&quot;yes&quot;,&quot;motion_fx_opacity_direction&quot;:&quot;in-out&quot;,&quot;motion_fx_opacity_level&quot;:{&quot;unit&quot;:&quot;px&quot;,&quot;size&quot;:8.4,&quot;sizes&quot;:[]},&quot;motion_fx_opacity_effect&quot;:&quot;yes&quot;,&quot;motion_fx_opacity_range&quot;:{&quot;unit&quot;:&quot;%&quot;,&quot;size&quot;:&quot;&quot;,&quot;sizes&quot;:{&quot;start&quot;:51,&quot;end&quot;:79}},&quot;animation&quot;:&quot;fadeIn&quot;,&quot;motion_fx_devices&quot;:[&quot;desktop&quot;,&quot;tablet&quot;,&quot;mobile&quot;]}\">\n\t\t\t\t\t\t\t<div class=\"elementor-background-overlay\"><\/div>\n\t\t\t\t\t\t\t<div class=\"elementor-container elementor-column-gap-no\">\n\t\t\t\t\t<div class=\"elementor-column elementor-col-100 elementor-top-column elementor-element elementor-element-547f24f2\" data-id=\"547f24f2\" data-element_type=\"column\">\n\t\t\t<div class=\"elementor-widget-wrap elementor-element-populated\">\n\t\t\t\t\t\t<div class=\"elementor-element elementor-element-3669153 elementor-widget elementor-widget-heading\" data-id=\"3669153\" data-element_type=\"widget\" data-widget_type=\"heading.default\">\n\t\t\t\t<div class=\"elementor-widget-container\">\n\t\t\t<h1 class=\"elementor-heading-title elementor-size-large\">Vous \u00eates une PME avec d'excellents produits.<\/h1>\t\t<\/div>\n\t\t\t\t<\/div>\n\t\t\t\t<div class=\"elementor-element elementor-element-bbe1ead elementor-widget elementor-widget-spacer\" data-id=\"bbe1ead\" data-element_type=\"widget\" data-widget_type=\"spacer.default\">\n\t\t\t\t<div class=\"elementor-widget-container\">\n\t\t\t\t\t<div class=\"elementor-spacer\">\n\t\t\t<div class=\"elementor-spacer-inner\"><\/div>\n\t\t<\/div>\n\t\t\t\t<\/div>\n\t\t\t\t<\/div>\n\t\t\t\t<div class=\"elementor-element elementor-element-f8f987c elementor-widget elementor-widget-heading\" data-id=\"f8f987c\" data-element_type=\"widget\" data-widget_type=\"heading.default\">\n\t\t\t\t<div class=\"elementor-widget-container\">\n\t\t\t<h1 class=\"elementor-heading-title elementor-size-large\">Nous vous apportons les actualit\u00e9s pour trouver des prospects en Chine.<\/h1>\t\t<\/div>\n\t\t\t\t<\/div>\n\t\t\t\t<div class=\"elementor-element elementor-element-c4a7f9e elementor-widget elementor-widget-spacer\" data-id=\"c4a7f9e\" data-element_type=\"widget\" data-settings=\"{&quot;motion_fx_motion_fx_scrolling&quot;:&quot;yes&quot;,&quot;motion_fx_devices&quot;:[&quot;desktop&quot;,&quot;tablet&quot;,&quot;mobile&quot;]}\" data-widget_type=\"spacer.default\">\n\t\t\t\t<div class=\"elementor-widget-container\">\n\t\t\t\t\t<div class=\"elementor-spacer\">\n\t\t\t<div class=\"elementor-spacer-inner\"><\/div>\n\t\t<\/div>\n\t\t\t\t<\/div>\n\t\t\t\t<\/div>\n\t\t\t\t\t<\/div>\n\t\t<\/div>\n\t\t\t\t\t<\/div>\n\t\t<\/section>\n\t\t\t\t<section class=\"elementor-section elementor-top-section elementor-element elementor-element-2e562623 elementor-section-boxed elementor-section-height-default elementor-section-height-default\" data-id=\"2e562623\" data-element_type=\"section\">\n\t\t\t\t\t\t<div class=\"elementor-container elementor-column-gap-default\">\n\t\t\t\t\t<div class=\"elementor-column elementor-col-100 elementor-top-column elementor-element elementor-element-4e4006f9\" data-id=\"4e4006f9\" data-element_type=\"column\" data-settings=\"{&quot;background_background&quot;:&quot;classic&quot;}\">\n\t\t\t<div class=\"elementor-widget-wrap elementor-element-populated\">\n\t\t\t\t\t\t<div class=\"elementor-element elementor-element-171d8de elementor-widget elementor-widget-heading\" data-id=\"171d8de\" data-element_type=\"widget\" data-widget_type=\"heading.default\">\n\t\t\t\t<div class=\"elementor-widget-container\">\n\t\t\t<h2 class=\"elementor-heading-title elementor-size-default\">Actualit\u00e9s sectorielles<\/h2>\t\t<\/div>\n\t\t\t\t<\/div>\n\t\t\t\t<div class=\"elementor-element elementor-element-9652eb7 elementor-widget elementor-widget-heading\" data-id=\"9652eb7\" data-element_type=\"widget\" data-widget_type=\"heading.default\">\n\t\t\t\t<div class=\"elementor-widget-container\">\n\t\t\t<h2 class=\"elementor-heading-title elementor-size-default\">pour identifier vos propres opportunit\u00e9s<br><\/h2>\t\t<\/div>\n\t\t\t\t<\/div>\n\t\t\t\t<div class=\"elementor-element elementor-element-0565aa5 elementor-widget elementor-widget-text-editor\" data-id=\"0565aa5\" data-element_type=\"widget\" data-widget_type=\"text-editor.default\">\n\t\t\t\t<div class=\"elementor-widget-container\">\n\t\t\t\t\t\t\t<p style=\"text-align: left;\">Vous savez que le march\u00e9 chinois est vaste et vous songez \u00e0 y placer vos produits. Mais vous ne savez pas par o\u00f9 commercer. La bonne nouvelle, c&#8217;est que vous n&#8217;\u00eates pas tout seul.<\/p><p>Un des plus grands au monde, le march\u00e9 chinois est vari\u00e9 et complexe. Pour pr\u00e9parer votre long et ambitieux parcours, certaines questions sont \u00e0 se poser :<\/p><p>O\u00f9 sont mes opportunit\u00e9s en Chine ? Les opportunit\u00e9s viennent-elles de la technologie appliqu\u00e9e sur mes produits? Ou viennent-elles de l&#8217;appr\u00e9ciation du label &#8220;made in France&#8221; ? Quel est ma client\u00e8le potentielle? Les entreprises nationales ou les soci\u00e9t\u00e9s priv\u00e9es? Les instituts publiques ou les individus? Quel est l&#8217;\u00e9tat de la concurrence? Une pr\u00e9sence sur ce march\u00e9 peut \u00eatre simple, mais un positionnement efficace n&#8217;est jamais facile ou \u00e9vident.<\/p><p>Nous vous aidons \u00e0 trouver les r\u00e9ponses sp\u00e9cifiques \u00e0 votre cas particulier.<\/p>\t\t\t\t\t\t<\/div>\n\t\t\t\t<\/div>\n\t\t\t\t<div class=\"elementor-element elementor-element-ceb5e8f elementor-button-success elementor-align-center elementor-mobile-align-center elementor-widget elementor-widget-button\" data-id=\"ceb5e8f\" data-element_type=\"widget\" data-widget_type=\"button.default\">\n\t\t\t\t<div class=\"elementor-widget-container\">\n\t\t\t\t\t<div class=\"elementor-button-wrapper\">\n\t\t\t<a class=\"elementor-button elementor-button-link elementor-size-sm\" href=\"mailto:bin.chen@togetherfix.com?subject=ENQUETE SECTORIELLE&#038;body=VEUILLEZ DECRIRE BRIEVEMENT LE SECTEUR OU TYPE D&#039;EQUIPEMENT POUR LEQUEL VOUS SOUHAITEZ RECEVOIR NOTRE RAPPORT !\">\n\t\t\t\t\t\t<span class=\"elementor-button-content-wrapper\">\n\t\t\t\t\t\t\t\t\t<span class=\"elementor-button-text\">Aper\u00e7u rapide des opportunit\u00e9s sectorielles | Esquisse de profil client\u00e8le<br><br>Premi\u00e8re enqu\u00eate gratuite  \/ R\u00e9ception en moins de 24H<\/span>\n\t\t\t\t\t<\/span>\n\t\t\t\t\t<\/a>\n\t\t<\/div>\n\t\t\t\t<\/div>\n\t\t\t\t<\/div>\n\t\t\t\t\t<\/div>\n\t\t<\/div>\n\t\t\t\t\t<\/div>\n\t\t<\/section>\n\t\t\t\t<section class=\"elementor-section elementor-top-section elementor-element elementor-element-2757af88 elementor-section-content-middle elementor-section-height-min-height elementor-section-boxed elementor-section-height-default elementor-section-items-middle\" data-id=\"2757af88\" data-element_type=\"section\" data-settings=\"{&quot;background_background&quot;:&quot;classic&quot;}\">\n\t\t\t\t\t\t\t<div class=\"elementor-background-overlay\"><\/div>\n\t\t\t\t\t\t\t<div class=\"elementor-container elementor-column-gap-no\">\n\t\t\t\t\t<div class=\"elementor-column elementor-col-100 elementor-top-column elementor-element elementor-element-54b67fe7\" data-id=\"54b67fe7\" data-element_type=\"column\" data-settings=\"{&quot;background_background&quot;:&quot;classic&quot;}\">\n\t\t\t<div class=\"elementor-widget-wrap elementor-element-populated\">\n\t\t\t\t\t\t<div class=\"elementor-element elementor-element-f26aa4d elementor-widget elementor-widget-heading\" data-id=\"f26aa4d\" data-element_type=\"widget\" data-widget_type=\"heading.default\">\n\t\t\t\t<div class=\"elementor-widget-container\">\n\t\t\t<h2 class=\"elementor-heading-title elementor-size-large\">DECOUVRIR LES TENDANCES<\/h2>\t\t<\/div>\n\t\t\t\t<\/div>\n\t\t\t\t<div class=\"elementor-element elementor-element-f3ce984 elementor-widget elementor-widget-heading\" data-id=\"f3ce984\" data-element_type=\"widget\" data-widget_type=\"heading.default\">\n\t\t\t\t<div class=\"elementor-widget-container\">\n\t\t\t<h2 class=\"elementor-heading-title elementor-size-default\">March\u00e9 chinois, synonyme d'inconnu ou d'opportunit\u00e9<\/h2>\t\t<\/div>\n\t\t\t\t<\/div>\n\t\t\t\t<div class=\"elementor-element elementor-element-8e71588 elementor-widget elementor-widget-text-editor\" data-id=\"8e71588\" data-element_type=\"widget\" data-widget_type=\"text-editor.default\">\n\t\t\t\t<div class=\"elementor-widget-container\">\n\t\t\t\t\t\t\t<p>Nouveaut\u00e9s instantan\u00e9es, observations pertinentes, besoins\u00a0<span style=\"font-size: 18px; font-style: normal; font-weight: 500;\">imm\u00e9diats\u00a0<\/span><span style=\"font-size: 18px;\">du march\u00e9 , opportunit\u00e9s, initiatives&#8230; Nous vous mettons au courant de ce qui se passe autour de votre secteur ou segment.<\/span><\/p>\t\t\t\t\t\t<\/div>\n\t\t\t\t<\/div>\n\t\t\t\t<div class=\"elementor-element elementor-element-76599d3 elementor-align-center elementor-widget elementor-widget-button\" data-id=\"76599d3\" data-element_type=\"widget\" data-widget_type=\"button.default\">\n\t\t\t\t<div class=\"elementor-widget-container\">\n\t\t\t\t\t<div class=\"elementor-button-wrapper\">\n\t\t\t<a class=\"elementor-button elementor-button-link elementor-size-sm\" href=\"http:\/\/www.togetherfix.com\/en\/nos-selections\/\">\n\t\t\t\t\t\t<span class=\"elementor-button-content-wrapper\">\n\t\t\t\t\t\t\t\t\t<span class=\"elementor-button-text\">Parcourir nos derni\u00e8res selections<br><\/span>\n\t\t\t\t\t<\/span>\n\t\t\t\t\t<\/a>\n\t\t<\/div>\n\t\t\t\t<\/div>\n\t\t\t\t<\/div>\n\t\t\t\t\t<\/div>\n\t\t<\/div>\n\t\t\t\t\t<\/div>\n\t\t<\/section>\n\t\t\t\t<section class=\"elementor-section elementor-top-section elementor-element elementor-element-feddb10 elementor-section-content-middle elementor-section-height-min-height elementor-section-boxed elementor-section-height-default elementor-section-items-middle\" data-id=\"feddb10\" data-element_type=\"section\" data-settings=\"{&quot;background_background&quot;:&quot;classic&quot;}\">\n\t\t\t\t\t\t\t<div class=\"elementor-background-overlay\"><\/div>\n\t\t\t\t\t\t\t<div class=\"elementor-container elementor-column-gap-no\">\n\t\t\t\t\t<div class=\"elementor-column elementor-col-100 elementor-top-column elementor-element elementor-element-54839b5\" data-id=\"54839b5\" data-element_type=\"column\">\n\t\t\t<div class=\"elementor-widget-wrap elementor-element-populated\">\n\t\t\t\t\t\t<div class=\"elementor-element elementor-element-4f582ee elementor-widget elementor-widget-heading\" data-id=\"4f582ee\" data-element_type=\"widget\" data-widget_type=\"heading.default\">\n\t\t\t\t<div class=\"elementor-widget-container\">\n\t\t\t<h2 class=\"elementor-heading-title elementor-size-large\">CHOISIR LES EXPOSITIONS<\/h2>\t\t<\/div>\n\t\t\t\t<\/div>\n\t\t\t\t<div class=\"elementor-element elementor-element-1b2a15b elementor-widget elementor-widget-heading\" data-id=\"1b2a15b\" data-element_type=\"widget\" data-widget_type=\"heading.default\">\n\t\t\t\t<div class=\"elementor-widget-container\">\n\t\t\t<h2 class=\"elementor-heading-title elementor-size-default\">Les \u00e9v\u00e8nements adapt\u00e9s pour pr\u00e9senter vos produits<\/h2>\t\t<\/div>\n\t\t\t\t<\/div>\n\t\t\t\t<div class=\"elementor-element elementor-element-abdb283 elementor-widget elementor-widget-text-editor\" data-id=\"abdb283\" data-element_type=\"widget\" data-widget_type=\"text-editor.default\">\n\t\t\t\t<div class=\"elementor-widget-container\">\n\t\t\t\t\t\t\t<div><p>Pour beaucoup d&#8217;\u00e9trangers, Paris est le symbole de la France, mais les Expos \u00e0 Paris sont-elles les meilleures pour pr\u00e9senter un produits? Pas forcement.<\/p><p>De m\u00eame, Beijing, Shanghai et Guangzhou sont les trois villes les plus connues\u00a0en Chine, mais ces endroits sont-ils une priorit\u00e9 pour mettre en sc\u00e8ne vos produits? Loin d&#8217;\u00eatre s\u00fbr.<\/p><p>Outre les grandes expositions, nous vous aidons \u00e0 identifier les expositions focalis\u00e9es sur votre m\u00e9tier et vous rapprocher de vos clients potentiels.<\/p><\/div>\t\t\t\t\t\t<\/div>\n\t\t\t\t<\/div>\n\t\t\t\t<div class=\"elementor-element elementor-element-cf77d91 elementor-align-center elementor-widget elementor-widget-button\" data-id=\"cf77d91\" data-element_type=\"widget\" data-widget_type=\"button.default\">\n\t\t\t\t<div class=\"elementor-widget-container\">\n\t\t\t\t\t<div class=\"elementor-button-wrapper\">\n\t\t\t<a class=\"elementor-button elementor-button-link elementor-size-sm\" href=\"mailto:bin.chen@togetherfix.com?subject=IDENTIFICATION EVENEMENTS \/ EXPOSITIONS&#038;body=VEUILLEZ DECRIRE BRIEVEMENT LE SECTEUR OU TYPE D&#039;EQUIPEMENT POUR LEQUEL VOUS SOUHAITEZ RECEVOIR NOS RECOMMENDATIONS !\">\n\t\t\t\t\t\t<span class=\"elementor-button-content-wrapper\">\n\t\t\t\t\t\t\t\t\t<span class=\"elementor-button-text\">Identifier les expos avec nous <br><br>Premi\u00e8re recommendation gratuite \/ R\u00e9ponse sous<span style=\"font-size: 20px; font-style: normal; font-weight: 600; text-decoration-thickness: initial; text-decoration-style: initial; text-decoration-color: initial;\"> <\/span>24H<\/span>\n\t\t\t\t\t<\/span>\n\t\t\t\t\t<\/a>\n\t\t<\/div>\n\t\t\t\t<\/div>\n\t\t\t\t<\/div>\n\t\t\t\t\t<\/div>\n\t\t<\/div>\n\t\t\t\t\t<\/div>\n\t\t<\/section>\n\t\t\t\t<section class=\"elementor-section elementor-top-section elementor-element elementor-element-d87bccd elementor-section-content-middle elementor-reverse-mobile elementor-section-height-min-height elementor-section-boxed elementor-section-height-default elementor-section-items-middle\" data-id=\"d87bccd\" data-element_type=\"section\">\n\t\t\t\t\t\t<div class=\"elementor-container elementor-column-gap-no\">\n\t\t\t\t\t<div class=\"elementor-column elementor-col-50 elementor-top-column elementor-element elementor-element-783fc2a\" data-id=\"783fc2a\" data-element_type=\"column\" data-settings=\"{&quot;background_background&quot;:&quot;classic&quot;}\">\n\t\t\t<div class=\"elementor-widget-wrap elementor-element-populated\">\n\t\t\t\t\t\t<div class=\"elementor-element elementor-element-7ba1f9f elementor-widget elementor-widget-spacer\" data-id=\"7ba1f9f\" data-element_type=\"widget\" data-widget_type=\"spacer.default\">\n\t\t\t\t<div class=\"elementor-widget-container\">\n\t\t\t\t\t<div class=\"elementor-spacer\">\n\t\t\t<div class=\"elementor-spacer-inner\"><\/div>\n\t\t<\/div>\n\t\t\t\t<\/div>\n\t\t\t\t<\/div>\n\t\t\t\t\t<\/div>\n\t\t<\/div>\n\t\t\t\t<div class=\"elementor-column elementor-col-50 elementor-top-column elementor-element elementor-element-80745ef\" data-id=\"80745ef\" data-element_type=\"column\" data-settings=\"{&quot;background_background&quot;:&quot;classic&quot;}\">\n\t\t\t<div class=\"elementor-widget-wrap elementor-element-populated\">\n\t\t\t\t\t\t<div class=\"elementor-element elementor-element-be0d392 elementor-widget elementor-widget-heading\" data-id=\"be0d392\" data-element_type=\"widget\" data-widget_type=\"heading.default\">\n\t\t\t\t<div class=\"elementor-widget-container\">\n\t\t\t<h3 class=\"elementor-heading-title elementor-size-large\">NOS SERVICES PLUS<\/h3>\t\t<\/div>\n\t\t\t\t<\/div>\n\t\t\t\t<div class=\"elementor-element elementor-element-d14997d elementor-widget-divider--view-line elementor-widget elementor-widget-divider\" data-id=\"d14997d\" data-element_type=\"widget\" data-widget_type=\"divider.default\">\n\t\t\t\t<div class=\"elementor-widget-container\">\n\t\t\t\t\t<div class=\"elementor-divider\">\n\t\t\t<span class=\"elementor-divider-separator\">\n\t\t\t\t\t\t<\/span>\n\t\t<\/div>\n\t\t\t\t<\/div>\n\t\t\t\t<\/div>\n\t\t\t\t<div class=\"elementor-element elementor-element-fb7e172 elementor-widget elementor-widget-text-editor\" data-id=\"fb7e172\" data-element_type=\"widget\" data-widget_type=\"text-editor.default\">\n\t\t\t\t<div class=\"elementor-widget-container\">\n\t\t\t\t\t\t\t<h6><strong><span style=\"font-size: 16px; letter-spacing: 0px;\">Contraintes de ressources,\u00a0de temps, de budget ?\u00a0\u00a0<\/span><\/strong><\/h6><p><span style=\"font-size: 16px; letter-spacing: 0px;\" data-end=\"56\" data-originaltext=\"augmenter\" data-start=\"48\" data-text=\"\">Nous vous re<\/span><span style=\"font-size: 16px; letter-spacing: 0px;\" data-end=\"56\" data-originaltext=\"augmenter\" data-start=\"48\" data-text=\"\">pr<\/span><span style=\"font-size: 16px; font-style: normal; font-weight: 400; letter-spacing: 0px;\">\u00e9<\/span><span style=\"font-size: 16px; letter-spacing: 0px;\" data-end=\"56\" data-originaltext=\"augmenter\" data-start=\"48\" data-text=\"\">sentons<\/span><span style=\"font-size: 16px; letter-spacing: 0px;\" data-end=\"78\" data-originaltext=\"locale\" data-start=\"73\" data-text=\"\">\u00a0dans les <span data-end=\"10\" data-originaltext=\"evenements \" data-start=\"0\" data-text=\"\u00c9v\u00e9nements\"><span data-group=\"AutoCorrected\" data-suggestions=\"2\" data-type=\"Spelling\">\u00e9<\/span><\/span><span data-end=\"10\" data-originaltext=\"evenements \" data-start=\"0\" data-text=\"\u00c9v\u00e9nements\"><span data-group=\"AutoCorrected\" data-suggestions=\"2\" data-type=\"Spelling\">v\u00e9nements professionnels<\/span><\/span>.<\/span><\/p>\t\t\t\t\t\t<\/div>\n\t\t\t\t<\/div>\n\t\t\t\t<div class=\"elementor-element elementor-element-386c62d elementor-widget elementor-widget-text-editor\" data-id=\"386c62d\" data-element_type=\"widget\" data-widget_type=\"text-editor.default\">\n\t\t\t\t<div class=\"elementor-widget-container\">\n\t\t\t\t\t\t\t<h6><span style=\"font-size: 16px; letter-spacing: 0px;\" data-end=\"10\" data-originaltext=\"Difficulte \" data-start=\"0\" data-text=\"Difficult\u00e9\"><span data-group=\"AutoCorrected\" data-suggestions=\"1\" data-type=\"Spelling\"><strong>Manque<\/strong> <strong>de connaissances sur les canaux de communication en Chine\u00a0<\/strong><\/span><\/span><strong><span style=\"font-size: 16px; letter-spacing: 0px;\" data-end=\"36\" data-originaltext=\"? \" data-start=\"34\" data-text=\"\">?\u00a0<\/span><\/strong><\/h6><p><span data-end=\"40\" data-originaltext=\"Nous\" data-start=\"37\" data-text=\"\">Nous<\/span> <span data-end=\"50\" data-originaltext=\"etendons \" data-start=\"42\" data-text=\"\u00e9tendons\"><span data-group=\"AutoCorrected\" data-suggestions=\"1\" data-type=\"Spelling\">\u00e9tendons<\/span><\/span> <span data-end=\"55\" data-originaltext=\"votre\" data-start=\"51\" data-text=\"\">votre<\/span> <span data-end=\"66\" data-originaltext=\"exposition\" data-start=\"57\" data-text=\"\">exposition<\/span> <span data-end=\"70\" data-originaltext=\"par\" data-start=\"68\" data-text=\"\">par<\/span> <span data-end=\"73\" data-originaltext=\"le\" data-start=\"72\" data-text=\"\">le<\/span> <span data-end=\"79\" data-originaltext=\"biais\" data-start=\"75\" data-text=\"\">biais<\/span> <span data-end=\"82\" data-originaltext=\"de\" data-start=\"81\" data-text=\"\">des<\/span>\u00a0r<span style=\"font-size: 16px; font-style: normal; font-weight: 400; letter-spacing: 0px;\">\u00e9<\/span><span style=\"font-size: 16px; letter-spacing: 0px;\">seaux sociaux locaux<\/span><span style=\"font-size: 16px; letter-spacing: 0px;\" data-end=\"114\" data-originaltext=\".\" data-start=\"114\" data-text=\"\">.<\/span><\/p>\t\t\t\t\t\t<\/div>\n\t\t\t\t<\/div>\n\t\t\t\t\t<\/div>\n\t\t<\/div>\n\t\t\t\t\t<\/div>\n\t\t<\/section>\n\t\t\t\t<section class=\"elementor-section elementor-top-section elementor-element elementor-element-9af9cad elementor-section-boxed elementor-section-height-default elementor-section-height-default\" data-id=\"9af9cad\" data-element_type=\"section\">\n\t\t\t\t\t\t<div class=\"elementor-container elementor-column-gap-default\">\n\t\t\t\t\t<div class=\"elementor-column elementor-col-100 elementor-top-column elementor-element elementor-element-3cc91c8\" data-id=\"3cc91c8\" data-element_type=\"column\">\n\t\t\t<div class=\"elementor-widget-wrap elementor-element-populated\">\n\t\t\t\t\t\t<div class=\"elementor-element elementor-element-fb37c2b elementor-widget elementor-widget-template\" data-id=\"fb37c2b\" data-element_type=\"widget\" data-widget_type=\"template.default\">\n\t\t\t\t<div class=\"elementor-widget-container\">\n\t\t\t\t\t<div class=\"elementor-template\">\n\t\t\t\t\t<div data-elementor-type=\"section\" data-elementor-id=\"2463\" class=\"elementor elementor-2463\">\n\t\t\t\t\t<div class=\"elementor-section-wrap\">\n\t\t\t\t\t\t\t\t<section class=\"elementor-section elementor-inner-section elementor-element elementor-element-4233df7c elementor-section-content-middle elementor-section-full_width elementor-section-height-default elementor-section-height-default\" data-id=\"4233df7c\" data-element_type=\"section\">\n\t\t\t\t\t\t<div class=\"elementor-container elementor-column-gap-default\">\n\t\t\t\t\t<div class=\"elementor-column elementor-col-100 elementor-inner-column elementor-element elementor-element-2df3088c\" data-id=\"2df3088c\" data-element_type=\"column\" data-settings=\"{&quot;background_background&quot;:&quot;classic&quot;}\">\n\t\t\t<div class=\"elementor-widget-wrap elementor-element-populated\">\n\t\t\t\t\t\t<div class=\"elementor-element elementor-element-51beba3f elementor-tablet-align-left elementor-mobile-align-left elementor-icon-list--layout-traditional elementor-list-item-link-full_width elementor-widget elementor-widget-icon-list\" data-id=\"51beba3f\" data-element_type=\"widget\" data-widget_type=\"icon-list.default\">\n\t\t\t\t<div class=\"elementor-widget-container\">\n\t\t\t\t\t<ul class=\"elementor-icon-list-items\">\n\t\t\t\t\t\t\t<li class=\"elementor-icon-list-item\">\n\t\t\t\t\t\t\t\t\t\t\t<span class=\"elementor-icon-list-icon\">\n\t\t\t\t\t\t\t<i aria-hidden=\"true\" class=\"fas fa-address-card\"><\/i>\t\t\t\t\t\t<\/span>\n\t\t\t\t\t\t\t\t\t\t<span class=\"elementor-icon-list-text\">Togetherfix Information Technology (Beijing) Co., Ltd<\/span>\n\t\t\t\t\t\t\t\t\t<\/li>\n\t\t\t\t\t\t\t\t<li class=\"elementor-icon-list-item\">\n\t\t\t\t\t\t\t\t\t\t\t<span class=\"elementor-icon-list-icon\">\n\t\t\t\t\t\t\t<i aria-hidden=\"true\" class=\"fas fa-location-arrow\"><\/i>\t\t\t\t\t\t<\/span>\n\t\t\t\t\t\t\t\t\t\t<span class=\"elementor-icon-list-text\">20, Kechuang 14th Street, Building 1# 207, Beijing Economic Technological Development Area, Beijing - China<\/span>\n\t\t\t\t\t\t\t\t\t<\/li>\n\t\t\t\t\t\t\t\t<li class=\"elementor-icon-list-item\">\n\t\t\t\t\t\t\t\t\t\t\t<a href=\"mailto:bin.chen@togetherfix.com\">\n\n\t\t\t\t\t\t\t\t\t\t\t\t<span class=\"elementor-icon-list-icon\">\n\t\t\t\t\t\t\t<i aria-hidden=\"true\" class=\"fas fa-envelope\"><\/i>\t\t\t\t\t\t<\/span>\n\t\t\t\t\t\t\t\t\t\t<span class=\"elementor-icon-list-text\">  Marketing : bin.chen@togetherfix.com<\/span>\n\t\t\t\t\t\t\t\t\t\t\t<\/a>\n\t\t\t\t\t\t\t\t\t<\/li>\n\t\t\t\t\t\t\t\t<li class=\"elementor-icon-list-item\">\n\t\t\t\t\t\t\t\t\t\t\t<a href=\"mailto:gaopeng.wang@togetherfix.com\">\n\n\t\t\t\t\t\t\t\t\t\t\t\t<span class=\"elementor-icon-list-icon\">\n\t\t\t\t\t\t\t<i aria-hidden=\"true\" class=\"fas fa-envelope\"><\/i>\t\t\t\t\t\t<\/span>\n\t\t\t\t\t\t\t\t\t\t<span class=\"elementor-icon-list-text\">Sourcing : gaopeng.wang@togetherfix.com<\/span>\n\t\t\t\t\t\t\t\t\t\t\t<\/a>\n\t\t\t\t\t\t\t\t\t<\/li>\n\t\t\t\t\t\t<\/ul>\n\t\t\t\t<\/div>\n\t\t\t\t<\/div>\n\t\t\t\t\t<\/div>\n\t\t<\/div>\n\t\t\t\t\t<\/div>\n\t\t<\/section>\n\t\t\t\t\t\t\t<\/div>\n\t\t\t\t<\/div>\n\t\t\t\t<\/div>\n\t\t\t\t<\/div>\n\t\t\t\t<\/div>\n\t\t\t\t\t<\/div>\n\t\t<\/div>\n\t\t\t\t\t<\/div>\n\t\t<\/section>\n\t\t\t\t<\/div>","protected":false},"excerpt":{"rendered":"<p>Vous \u00eates une PME avec d&#8217;excellents produits. Nous vous apportons les actualit\u00e9s pour trouver des prospects en Chine. Actualit\u00e9s sectorielles pour identifier vos propres opportunit\u00e9s Vous savez que le march\u00e9 chinois est vaste et vous songez \u00e0 y placer vos produits. Mais vous ne savez pas par o\u00f9 commercer. La bonne nouvelle, c&#8217;est que vous &hellip;<\/p>\n<p class=\"read-more\"> <a class=\"\" href=\"https:\/\/www.togetherfix.com\/en\/home\/\"> <span class=\"screen-reader-text\">Marketing<\/span> Read More &raquo;<\/a><\/p>","protected":false},"author":1,"featured_media":0,"parent":0,"menu_order":0,"comment_status":"closed","ping_status":"closed","template":"elementor_header_footer","meta":{"site-sidebar-layout":"no-sidebar","site-content-layout":"page-builder","ast-global-header-display":"","ast-main-header-display":"","ast-hfb-above-header-display":"","ast-hfb-below-header-display":"","ast-hfb-mobile-header-display":"","site-post-title":"disabled","ast-breadcrumbs-content":"","ast-featured-img":"disabled","footer-sml-layout":"","theme-transparent-header-meta":"default","adv-header-id-meta":"","stick-header-meta":"","header-above-stick-meta":"","header-main-stick-meta":"","header-below-stick-meta":"","footnotes":""},"_links":{"self":[{"href":"https:\/\/www.togetherfix.com\/en\/wp-json\/wp\/v2\/pages\/125"}],"collection":[{"href":"https:\/\/www.togetherfix.com\/en\/wp-json\/wp\/v2\/pages"}],"about":[{"href":"https:\/\/www.togetherfix.com\/en\/wp-json\/wp\/v2\/types\/page"}],"author":[{"embeddable":true,"href":"https:\/\/www.togetherfix.com\/en\/wp-json\/wp\/v2\/users\/1"}],"replies":[{"embeddable":true,"href":"https:\/\/www.togetherfix.com\/en\/wp-json\/wp\/v2\/comments?post=125"}],"version-history":[{"count":918,"href":"https:\/\/www.togetherfix.com\/en\/wp-json\/wp\/v2\/pages\/125\/revisions"}],"predecessor-version":[{"id":4116,"href":"https:\/\/www.togetherfix.com\/en\/wp-json\/wp\/v2\/pages\/125\/revisions\/4116"}],"wp:attachment":[{"href":"https:\/\/www.togetherfix.com\/en\/wp-json\/wp\/v2\/media?parent=125"}],"curies":[{"name":"wp","href":"https:\/\/api.w.org\/{rel}","templated":true}]}}